{"id":856,"date":"2015-08-28T10:02:47","date_gmt":"2015-08-28T10:02:47","guid":{"rendered":"http:\/\/przedszkole12.sopot.pl\/?page_id=856"},"modified":"2024-12-12T11:04:28","modified_gmt":"2024-12-12T11:04:28","slug":"rozklad-dnia","status":"publish","type":"page","link":"https:\/\/przedszkole12.sopot.pl\/?page_id=856","title":{"rendered":"Ramowy rozk\u0142ad dnia w przedszkolu"},"content":{"rendered":"<h3 style=\"text-align: center;\">DZIECI M\u0141ODSZE<\/h3>\n<table style=\"width: 100%; margin: 15px; height: 500px;\" border=\"0\" cellpadding=\"10px 10px\" align=\"center\">\n<tbody>\n<tr style=\"text-align: right;\">\n<td style=\"padding: 0px 5px; width: 20%; background-color: #82be64; height: 40px; border: 1px solid #e3e3e3; text-align: left; vertical-align: middle;\" valign=\"middle\"><strong><span style=\"color: #ffffff;\">6.30 &#8211; 8.00<\/span><\/strong><\/td>\n<td style=\"padding: 0px 5px; vertical-align: middle; text-align: left; border: 1px solid #e3e3e3;\">Schodzenie si\u0119 dzieci, zabawy dowolne\u00a0 odpowiadaj\u0105ce zainteresowaniom dzieci.<\/td>\n<\/tr>\n<tr>\n<td style=\"padding: 0px 5px; width: 20%; background-color: #82be64; height: 40px; border: 1px solid #e3e3e3; text-align: left; vertical-align: middle;\" align=\"right\" valign=\"middle\"><strong><span style=\"color: #ffffff;\">8.00 &#8211; 8.30<\/span><\/strong><\/td>\n<td style=\"padding: 0px 5px; vertical-align: middle; border: 1px solid #e3e3e3;\">Czynno\u015bci samoobs\u0142ugowe przygotowuj\u0105ce do posi\u0142ku. \u015aniadanie.<\/td>\n<\/tr>\n<tr>\n<td style=\"padding: 0px 5px; width: 20%; background-color: #82be64; height: 40px; border: 1px solid #e3e3e3; text-align: left; vertical-align: middle;\" valign=\"middle\"><strong><span style=\"color: #ffffff;\">8.30 &#8211; 9.00<\/span><\/strong><\/td>\n<td style=\"padding: 0px 5px; vertical-align: middle; border: 1px solid #e3e3e3;\">\u0106wiczenia poranne- zabawy ilustracyjne, inscenizowane przy muzyce.<\/td>\n<\/tr>\n<tr>\n<td style=\"padding: 0px 5px; width: 20%; background-color: #82be64; height: 40px; border: 1px solid #e3e3e3; text-align: left; vertical-align: middle;\" valign=\"middle\"><span style=\"color: #ffffff;\"><strong>9.00-10.00<\/strong><\/span><\/td>\n<td style=\"padding: 0px 5px; vertical-align: middle; border: 1px solid #e3e3e3;\">Zaj\u0119cia i zabawy kszta\u0142c\u0105ce realizuj\u0105ce przyj\u0119ty program wychowania przedszkolnego. Zabawy wynikaj\u0105ce z potrzeb i zainteresowa\u0144 dzieci. Czynno\u015bci porz\u0105dkowe.<\/td>\n<\/tr>\n<tr>\n<td style=\"padding: 0px 5px; width: 20%; background-color: #82be64; height: 40px; border: 1px solid #e3e3e3; text-align: left; vertical-align: middle;\" valign=\"middle\"><strong><span style=\"color: #ffffff;\">10.00 &#8211; 10.30<\/span><\/strong><\/td>\n<td style=\"padding: 0px 5px; vertical-align: middle; border: 1px solid #e3e3e3;\">Czynno\u015bci samoobs\u0142ugowe przygotowuj\u0105ce do posi\u0142ku. II \u015bniadanie.<\/td>\n<\/tr>\n<tr>\n<td style=\"padding: 0px 5px; width: 20%; background-color: #82be64; height: 40px; border: 1px solid #e3e3e3; text-align: left; vertical-align: middle;\" valign=\"middle\"><strong><span style=\"color: #ffffff;\">10.30 &#8211; 11.30<\/span><\/strong><\/td>\n<td style=\"padding: 0px 5px; vertical-align: middle; border: 1px solid #e3e3e3;\">Pobyt na \u015bwie\u017cym powietrzu, gry i zabawy ruchowe. Zabawy dowolne lub kszta\u0142c\u0105ce realizuj\u0105ce przyj\u0119ty program.<\/td>\n<\/tr>\n<tr>\n<td style=\"padding: 0px 5px; width: 20%; background-color: #82be64; height: 40px; border: 1px solid #e3e3e3; text-align: left; vertical-align: middle;\" valign=\"middle\"><strong><span style=\"color: #ffffff;\">11.30- 13.15<\/span><\/strong><\/td>\n<td style=\"padding: 0px 5px; vertical-align: middle; border: 1px solid #e3e3e3;\">Czynno\u015bci samoobs\u0142ugowe przygotowuj\u0105ce do posi\u0142ku. Obiad- zupa. Przygotowanie do odpoczynku. Odpoczynek.<\/td>\n<\/tr>\n<tr>\n<td style=\"padding: 0px 5px; width: 20%; background-color: #82be64; height: 40px; border: 1px solid #e3e3e3; text-align: left; vertical-align: middle;\" valign=\"middle\"><strong><span style=\"color: #ffffff;\">13.15- 14.00<\/span><\/strong><\/td>\n<td style=\"padding: 0px 5px; vertical-align: middle; border: 1px solid #e3e3e3;\">Czynno\u015bci samoobs\u0142ugowe przygotowuj\u0105ce do posi\u0142ku. Obiad II danie.<\/td>\n<\/tr>\n<tr>\n<td style=\"padding: 0px 5px; width: 20%; background-color: #82be64; height: 40px; border: 1px solid #e3e3e3; text-align: left; vertical-align: middle;\" valign=\"middle\"><strong><span style=\"color: #ffffff;\">14.00- 17.00<\/span><\/strong><\/td>\n<td style=\"padding: 0px 5px; vertical-align: middle; border: 1px solid #e3e3e3;\">Zabawy indywidualne i zespo\u0142owe organizowane przez nauczyciela lub wynikaj\u0105ce z potrzeb i zainteresowa\u0144 dzieci.<\/p>\n<p>Rozchodzenie si\u0119 dzieci. Zabawy dowolne, indywidualne, wyr\u00f3wnawcze, czynno\u015bci porz\u0105dkowe.<\/td>\n<\/tr>\n<\/tbody>\n<\/table>\n<h3 style=\"text-align: center;\">DZIECI STARSZE<\/h3>\n<table style=\"width: 100%; margin: 15px; height: 500px;\" border=\"0\" cellpadding=\"10px 10px\" align=\"center\">\n<tbody>\n<tr style=\"text-align: right;\">\n<td style=\"padding: 0px 5px; width: 20%; background-color: #e85c73; height: 40px; border: 1px solid #e3e3e3; text-align: left; vertical-align: middle;\" valign=\"middle\"><strong><span style=\"color: #ffffff;\">6.30 &#8211; 8.30<\/span><\/strong><\/td>\n<td style=\"padding: 0px 5px; vertical-align: middle; text-align: left; border: 1px solid #e3e3e3;\">Schodzenie si\u0119 dzieci. Zabawy dowolne odpowiadaj\u0105ce zainteresowaniom dzieci. Czynno\u015bci samoobs\u0142ugowe przygotowuj\u0105ce do \u015bniadania. \u015aniadanie.<\/td>\n<\/tr>\n<tr>\n<td style=\"padding: 0px 5px; width: 20%; background-color: #e85c73; height: 40px; border: 1px solid #e3e3e3; text-align: left; vertical-align: middle;\" align=\"right\" valign=\"middle\"><strong><span style=\"color: #ffffff;\">8.30-9.00<\/span><\/strong><\/td>\n<td style=\"padding: 0px 5px; vertical-align: middle; border: 1px solid #e3e3e3;\">\u0106wiczenia poranne, zabawy ilustracyjne, inscenizowane przy muzyce.<\/td>\n<\/tr>\n<tr>\n<td style=\"padding: 0px 5px; width: 20%; background-color: #e85c73; height: 40px; border: 1px solid #e3e3e3; text-align: left; vertical-align: middle;\" valign=\"middle\"><span style=\"color: #ffffff;\"><b>9.00-10.30<\/b><\/span><\/td>\n<td style=\"padding: 0px 5px; vertical-align: middle; border: 1px solid #e3e3e3;\">Zaj\u0119cia i zabawy kszta\u0142c\u0105ce realizuj\u0105ce przyj\u0119ty program wychowania przedszkolnego. Zabawy wynikaj\u0105ce z potrzeb i zainteresowa\u0144 dzieci. Czynno\u015bci porz\u0105dkowe.<\/td>\n<\/tr>\n<tr>\n<td style=\"padding: 0px 5px; width: 20%; background-color: #e85c73; height: 40px; border: 1px solid #e3e3e3; text-align: left; vertical-align: middle;\" valign=\"middle\"><strong><span style=\"color: #ffffff;\">10.30-11.00<\/span><\/strong><\/td>\n<td style=\"padding: 0px 5px; vertical-align: middle; border: 1px solid #e3e3e3;\">Czynno\u015bci samoobs\u0142ugowe przygotowuj\u0105ce do \u015bniadania. II \u015bniadanie.<\/td>\n<\/tr>\n<tr>\n<td style=\"padding: 0px 5px; width: 20%; background-color: #e85c73; height: 40px; border: 1px solid #e3e3e3; text-align: left; vertical-align: middle;\" valign=\"middle\"><strong><span style=\"color: #ffffff;\">11.00-12.30<\/span><\/strong><\/td>\n<td style=\"padding: 0px 5px; vertical-align: middle; border: 1px solid #e3e3e3;\">Pobyt na \u015bwie\u017cym powietrzu, gry i zabawy ruchowe. Zabawy dowolne lub kszta\u0142c\u0105ce realizuj\u0105ce przyj\u0119ty program.<\/td>\n<\/tr>\n<tr>\n<td style=\"padding: 0px 5px; width: 20%; background-color: #e85c73; height: 40px; border: 1px solid #e3e3e3; text-align: left; vertical-align: middle;\" valign=\"middle\"><strong><span style=\"color: #ffffff;\">12.30-13.00<\/span><\/strong><\/td>\n<td style=\"padding: 0px 5px; vertical-align: middle; border: 1px solid #e3e3e3;\">Czynno\u015bci porz\u0105dkowe i samoobs\u0142ugowe. Obiad- zupa.<\/td>\n<\/tr>\n<tr>\n<td style=\"padding: 0px 5px; width: 20%; background-color: #e85c73; height: 40px; border: 1px solid #e3e3e3; text-align: left; vertical-align: middle;\" valign=\"middle\"><span style=\"color: #ffffff;\"><b>13.00- 14.00<\/b><\/span><\/td>\n<td style=\"padding: 0px 5px; vertical-align: middle; border: 1px solid #e3e3e3;\">Zabawy indywidualne i zespo\u0142owe organizowane przez nauczyciela lub wynikaj\u0105ce z potrzeb i zainteresowa\u0144 dzieci.<\/p>\n<p>Czynno\u015bci samoobs\u0142ugowe przygotowuj\u0105ce do posi\u0142ku. Obiad II danie.<\/td>\n<\/tr>\n<tr>\n<td style=\"padding: 0px 5px; width: 20%; background-color: #e85c73; height: 40px; border: 1px solid #e3e3e3; text-align: left; vertical-align: middle;\" valign=\"middle\"><strong><span style=\"color: #ffffff;\">14:00 &#8211; 17:00<\/span><\/strong><\/td>\n<td style=\"padding: 0px 5px; vertical-align: middle; border: 1px solid #e3e3e3;\">Zabawy indywidualne i zespo\u0142owe organizowane przez nauczyciela lub wynikaj\u0105ce z potrzeb i zainteresowa\u0144 dzieci.<\/p>\n<p>Rozchodzenie si\u0119 dzieci. Zabawy dowolne, indywidualne, wyr\u00f3wnawcze, czynno\u015bci porz\u0105dkowe.<\/td>\n<\/tr>\n<\/tbody>\n<\/table>\n","protected":false},"excerpt":{"rendered":"<p>DZIECI M\u0141ODSZE 6.30 &#8211; 8.00 Schodzenie si\u0119 dzieci, zabawy dowolne\u00a0 odpowiadaj\u0105ce zainteresowaniom dzieci. 8.00 &#8211; 8.30 Czynno\u015bci samoobs\u0142ugowe przygotowuj\u0105ce do posi\u0142ku. \u015aniadanie. 8.30 &#8211; 9.00 \u0106wiczenia poranne- zabawy ilustracyjne, inscenizowane przy muzyce. 9.00-10.00 Zaj\u0119cia i zabawy kszta\u0142c\u0105ce realizuj\u0105ce przyj\u0119ty program wychowania przedszkolnego. Zabawy wynikaj\u0105ce z potrzeb i zainteresowa\u0144 dzieci. Czynno\u015bci porz\u0105dkowe. 10.00 &#8211; 10.30 Czynno\u015bci samoobs\u0142ugowe przygotowuj\u0105ce do posi\u0142ku. II \u015bniadanie. 10.30 &#8211; 11.30 Pobyt na \u015bwie\u017cym powietrzu, gry i zabawy ruchowe. Zabawy dowolne lub kszta\u0142c\u0105ce realizuj\u0105ce przyj\u0119ty program. 11.30- 13.15 Czynno\u015bci samoobs\u0142ugowe przygotowuj\u0105ce do posi\u0142ku. Obiad- zupa. Przygotowanie do [&hellip;]<\/p>\n","protected":false},"author":3,"featured_media":0,"parent":0,"menu_order":0,"comment_status":"closed","ping_status":"closed","template":"","meta":[],"_links":{"self":[{"href":"https:\/\/przedszkole12.sopot.pl\/index.php?rest_route=\/wp\/v2\/pages\/856"}],"collection":[{"href":"https:\/\/przedszkole12.sopot.pl\/index.php?rest_route=\/wp\/v2\/pages"}],"about":[{"href":"https:\/\/przedszkole12.sopot.pl\/index.php?rest_route=\/wp\/v2\/types\/page"}],"author":[{"embeddable":true,"href":"https:\/\/przedszkole12.sopot.pl\/index.php?rest_route=\/wp\/v2\/users\/3"}],"replies":[{"embeddable":true,"href":"https:\/\/przedszkole12.sopot.pl\/index.php?rest_route=%2Fwp%2Fv2%2Fcomments&post=856"}],"version-history":[{"count":44,"href":"https:\/\/przedszkole12.sopot.pl\/index.php?rest_route=\/wp\/v2\/pages\/856\/revisions"}],"predecessor-version":[{"id":38160,"href":"https:\/\/przedszkole12.sopot.pl\/index.php?rest_route=\/wp\/v2\/pages\/856\/revisions\/38160"}],"wp:attachment":[{"href":"https:\/\/przedszkole12.sopot.pl\/index.php?rest_route=%2Fwp%2Fv2%2Fmedia&parent=856"}],"curies":[{"name":"wp","href":"https:\/\/api.w.org\/{rel}","templated":true}]}}