{"id":636,"date":"2015-08-27T13:37:46","date_gmt":"2015-08-27T13:37:46","guid":{"rendered":"http:\/\/przedszkole12.sopot.pl\/?page_id=636"},"modified":"2025-04-08T09:56:04","modified_gmt":"2025-04-08T09:56:04","slug":"skontaktuj-sie-z-nami","status":"publish","type":"page","link":"https:\/\/przedszkole12.sopot.pl\/?page_id=636","title":{"rendered":"Skontaktuj si\u0119 z nami"},"content":{"rendered":"<h3>Przedszkole z Oddzia\u0142ami Integracyjnymi Nr 12 w Sopocie<\/h3>\n<p><strong>Adres:<\/strong><br \/>\nUl. Oskara Kolberga 8<br \/>\n81-881 Sopot<\/p>\n<p><strong>Dane kontaktowe:<\/strong><br \/>\nTel\/Fax:\u00a0\u00a0 \u00a058 551 90 97<\/p>\n<p>Tel. kom.: 518 594 134<\/p>\n<p>tel. ksi\u0119gowo\u015b\u0107: 58 343 26 68<\/p>\n<p>e-Mail:\u00a0\u00a0 \u00a0<a href=\"mailto:biuro@przedszkole12.sopot.pl\">biuro@przedszkole12.sopot.pl<\/a><\/p>\n<p>Organem prowadz\u0105cym Przedszkole Nr 12 jest <a href=\"http:\/\/www.sopot.pl\" target=\"_blank\" rel=\"noopener noreferrer\">Gmina Sopot<\/a><br \/>\nNadz\u00f3r pedagogiczny nad Przedszkolem sprawuje <a href=\"http:\/\/www.kuratorium.gda.pl\" target=\"_blank\" rel=\"noopener noreferrer\">Pomorski Kurator O\u015bwiaty<\/a><br \/>\nsystem LiveKid- <span style=\"color: #990059;\"><strong>https:\/\/livekid.com\/pl\/<\/strong><\/span><\/p>\n<p><strong>Dy\u017cury w kancelarii:<\/strong><\/p>\n<ul>\n<li>od poniedzia\u0142ku do pi\u0105tku: 11.00-13.00<\/li>\n<li>poniedzia\u0142ek: 9.00-13.00 (wicedyrektor Katarzyna Borowska)<\/li>\n<li>czwartek: 9.00-13.00 (dyrektor Iwona Kierzek)<\/li>\n<\/ul>\n<p>&nbsp;<\/p>\n<p style=\"text-align: left;\">Administrator wyznaczy\u0142 Inspektora Ochrony Danych Osobowych, z kt\u00f3rym mo\u017cna kontaktowa\u0107 si\u0119 pod adresem e-mail: rodo@ckusopot.pl lub listownie na adres:<\/p>\n<p style=\"text-align: left;\">Centrum Kszta\u0142cenia Ustawicznego<br \/>\nul. Tadeusza Ko\u015bciuszki 22-24,<br \/>\n81-704 Sopot<br \/>\nz dopiskiem &#8222;RODO&#8221;<\/p>\n<p><!-- HOT Maps Plugin starts here --><iframe width=\" 500\" height=\" 300\" frameborder=\"0\" scrolling=\"no\" marginheight=\"0\" marginwidth=\"0\" src=\"http:\/\/maps.google.com\/maps?q=Kolberga+8+Sopot&amp;ie=UTF8&amp;view=map&amp;f=q&amp;saddr=Kolberga,+8,+Sopot&amp;output=embed\"><\/iframe><br \/><small><a href=\"http:\/\/maps.google.com\/maps?q=Kolberga+8+Sopot&amp;ie=UTF8&amp;view=map&amp;f=a&amp;saddr=Kolberga,+8,+Sopot&amp;output=embed\" style=\"color:#0000FF;text-align:left\">Powi\u0119ksz map\u0119<\/a><\/small><!-- HOT Maps Plugin ends here --><\/p>\n","protected":false},"excerpt":{"rendered":"<p>Przedszkole z Oddzia\u0142ami Integracyjnymi Nr 12 w Sopocie Adres: Ul. Oskara Kolberga 8 81-881 Sopot Dane kontaktowe: Tel\/Fax:\u00a0\u00a0 \u00a058 551 90 97 Tel. kom.: 518 594 134 tel. ksi\u0119gowo\u015b\u0107: 58 343 26 68 e-Mail:\u00a0\u00a0 \u00a0biuro@przedszkole12.sopot.pl Organem prowadz\u0105cym Przedszkole Nr 12 jest Gmina Sopot Nadz\u00f3r pedagogiczny nad Przedszkolem sprawuje Pomorski Kurator O\u015bwiaty system LiveKid- https:\/\/livekid.com\/pl\/ Dy\u017cury w kancelarii: od poniedzia\u0142ku do pi\u0105tku: 11.00-13.00 poniedzia\u0142ek: 9.00-13.00 (wicedyrektor Katarzyna Borowska) czwartek: 9.00-13.00 (dyrektor Iwona Kierzek) &nbsp; Administrator wyznaczy\u0142 Inspektora Ochrony Danych Osobowych, z kt\u00f3rym mo\u017cna kontaktowa\u0107 si\u0119 pod adresem e-mail: rodo@ckusopot.pl lub listownie [&hellip;]<\/p>\n","protected":false},"author":3,"featured_media":0,"parent":0,"menu_order":0,"comment_status":"closed","ping_status":"closed","template":"","meta":[],"_links":{"self":[{"href":"https:\/\/przedszkole12.sopot.pl\/index.php?rest_route=\/wp\/v2\/pages\/636"}],"collection":[{"href":"https:\/\/przedszkole12.sopot.pl\/index.php?rest_route=\/wp\/v2\/pages"}],"about":[{"href":"https:\/\/przedszkole12.sopot.pl\/index.php?rest_route=\/wp\/v2\/types\/page"}],"author":[{"embeddable":true,"href":"https:\/\/przedszkole12.sopot.pl\/index.php?rest_route=\/wp\/v2\/users\/3"}],"replies":[{"embeddable":true,"href":"https:\/\/przedszkole12.sopot.pl\/index.php?rest_route=%2Fwp%2Fv2%2Fcomments&post=636"}],"version-history":[{"count":19,"href":"https:\/\/przedszkole12.sopot.pl\/index.php?rest_route=\/wp\/v2\/pages\/636\/revisions"}],"predecessor-version":[{"id":38323,"href":"https:\/\/przedszkole12.sopot.pl\/index.php?rest_route=\/wp\/v2\/pages\/636\/revisions\/38323"}],"wp:attachment":[{"href":"https:\/\/przedszkole12.sopot.pl\/index.php?rest_route=%2Fwp%2Fv2%2Fmedia&parent=636"}],"curies":[{"name":"wp","href":"https:\/\/api.w.org\/{rel}","templated":true}]}}