{"id":482,"date":"2015-08-27T08:44:48","date_gmt":"2015-08-27T08:44:48","guid":{"rendered":"http:\/\/przedszkole12.sopot.pl\/?page_id=482"},"modified":"2024-12-12T09:16:47","modified_gmt":"2024-12-12T09:16:47","slug":"odplatnosc","status":"publish","type":"page","link":"https:\/\/przedszkole12.sopot.pl\/?page_id=482","title":{"rendered":"Odp\u0142atno\u015b\u0107"},"content":{"rendered":"<ol>\n<li>Za \u015bwiadczenie us\u0142ug opieku\u0144czo &#8211; wychowawczych i dydaktycznych rodzice (opiekunowie prawni) ponosz\u0105 odp\u0142atno\u015b\u0107.<\/li>\n<li>Na odp\u0142atno\u015b\u0107, dla dzieci korzystaj\u0105cych z przedszkola sk\u0142adaj\u0105 si\u0119:<\/li>\n<\/ol>\n<ul>\n<li style=\"list-style-type: none;\">\n<ul>\n<li>koszty za \u015bwiadczenia dydaktyczno-wychowawcze i opieku\u0144cze, wykraczaj\u0105ce poza bezp\u0142atne nauczanie, wychowanie i opiek\u0119 <strong>1,44 z\u0142 za ka\u017cd\u0105 rozpocz\u0119t\u0105 godzin\u0119 zaj\u0119\u0107 ponad podstaw\u0119 <\/strong>(z wyj\u0105tkiem rocznika 2018).<\/li>\n<li>Sopocka Karta Rodziny 3+ uprawnia do: op\u0142aty 50%<strong>\u00a0za ka\u017cd\u0105 godzin\u0119 zaj\u0119\u0107<\/strong> przekraczaj\u0105c\u0105 podstaw\u0119 programow\u0105.<\/li>\n<li>stawka \u017cywieniowa za 3 posi\u0142ki dziennie &#8211; <strong>11 z\u0142<\/strong><\/li>\n<\/ul>\n<\/li>\n<\/ul>\n<ol start=\"3\">\n<li>Przedszkole zapewnia bezp\u0142atne nauczanie dla dzieci w wieku 6 lat.<\/li>\n<li>Przedszkole oferuje zaj\u0119cia dodatkowe op\u0142acane przez Gmin\u0119 Sopot: j\u0119zyk angielski, gimnastyka korekcyjna, logopedia<\/li>\n<li>Przedszkole zastrzega sobie prawo dokonania zmiany wysoko\u015bci stawki \u017cywieniowej. O powy\u017cszej zmianie us\u0142ugobiorcy zostan\u0105 powiadomieni przez dyrektora przedszkola w formie komunikatu na tablicy og\u0142osze\u0144, w terminie co najmniej 7 dni przed planowan\u0105 zmian\u0105. Zmiany stawki \u017cywieniowej dokonuje si\u0119 w formie aneksu do umowy.<\/li>\n<li>Odp\u0142atno\u015b\u0107 za us\u0142ugi przedszkola p\u0142atna jest z g\u00f3ry w terminie do 15 dnia ka\u017cdego miesi\u0105ca.<\/li>\n<li>P\u0142atno\u015b\u0107 nale\u017cy regulowa\u0107 w kasie przedszkola lub za po\u015brednictwem konta bankowego, kt\u00f3rego numer znajduje si\u0119 w aplikacji LiveKid<\/li>\n<\/ol>\n","protected":false},"excerpt":{"rendered":"<p>Za \u015bwiadczenie us\u0142ug opieku\u0144czo &#8211; wychowawczych i dydaktycznych rodzice (opiekunowie prawni) ponosz\u0105 odp\u0142atno\u015b\u0107. Na odp\u0142atno\u015b\u0107, dla dzieci korzystaj\u0105cych z przedszkola sk\u0142adaj\u0105 si\u0119: koszty za \u015bwiadczenia dydaktyczno-wychowawcze i opieku\u0144cze, wykraczaj\u0105ce poza bezp\u0142atne nauczanie, wychowanie i opiek\u0119 1,44 z\u0142 za ka\u017cd\u0105 rozpocz\u0119t\u0105 godzin\u0119 zaj\u0119\u0107 ponad podstaw\u0119 (z wyj\u0105tkiem rocznika 2018). Sopocka Karta Rodziny 3+ uprawnia do: op\u0142aty 50%\u00a0za ka\u017cd\u0105 godzin\u0119 zaj\u0119\u0107 przekraczaj\u0105c\u0105 podstaw\u0119 programow\u0105. stawka \u017cywieniowa za 3 posi\u0142ki dziennie &#8211; 11 z\u0142 Przedszkole zapewnia bezp\u0142atne nauczanie dla dzieci w wieku 6 lat. Przedszkole oferuje zaj\u0119cia dodatkowe op\u0142acane przez Gmin\u0119 Sopot: j\u0119zyk [&hellip;]<\/p>\n","protected":false},"author":3,"featured_media":0,"parent":0,"menu_order":0,"comment_status":"closed","ping_status":"closed","template":"","meta":[],"_links":{"self":[{"href":"https:\/\/przedszkole12.sopot.pl\/index.php?rest_route=\/wp\/v2\/pages\/482"}],"collection":[{"href":"https:\/\/przedszkole12.sopot.pl\/index.php?rest_route=\/wp\/v2\/pages"}],"about":[{"href":"https:\/\/przedszkole12.sopot.pl\/index.php?rest_route=\/wp\/v2\/types\/page"}],"author":[{"embeddable":true,"href":"https:\/\/przedszkole12.sopot.pl\/index.php?rest_route=\/wp\/v2\/users\/3"}],"replies":[{"embeddable":true,"href":"https:\/\/przedszkole12.sopot.pl\/index.php?rest_route=%2Fwp%2Fv2%2Fcomments&post=482"}],"version-history":[{"count":6,"href":"https:\/\/przedszkole12.sopot.pl\/index.php?rest_route=\/wp\/v2\/pages\/482\/revisions"}],"predecessor-version":[{"id":8467,"href":"https:\/\/przedszkole12.sopot.pl\/index.php?rest_route=\/wp\/v2\/pages\/482\/revisions\/8467"}],"wp:attachment":[{"href":"https:\/\/przedszkole12.sopot.pl\/index.php?rest_route=%2Fwp%2Fv2%2Fmedia&parent=482"}],"curies":[{"name":"wp","href":"https:\/\/api.w.org\/{rel}","templated":true}]}}