{"id":476,"date":"2015-08-27T08:27:33","date_gmt":"2015-08-27T08:27:33","guid":{"rendered":"http:\/\/przedszkole12.sopot.pl\/?page_id=476"},"modified":"2026-01-20T11:57:16","modified_gmt":"2026-01-20T11:57:16","slug":"zapisy","status":"publish","type":"page","link":"https:\/\/przedszkole12.sopot.pl\/?page_id=476","title":{"rendered":"Zapisy"},"content":{"rendered":"<h3 style=\"text-align: center;\">ZASADY PRZYJMOWANIA DZIECI DO PRZEDSZKOLI PUBLICZNYCH PROWADZONYCH PRZEZ MIASTO SOPOT NA ROK SZKOLNY 2026\/2027<\/h3>\n<p style=\"text-align: center;\"><strong>Zasady przyj\u0119cia dzieci do Przedszkola na rok szkolny 2026\/2027<\/strong><\/p>\n<p>Na podstawie art. 18 ust. 2 pkt 15 i art. 40 ust. 1 ustawy z dnia 8 marca 1990 r. o samorz\u0105dzie gminnym (tj. Dz. U. z 2016 r. poz. 446 ); art.131 ust 4,6-8, art. 154 ust. 1 pkt 1 w zwi\u0105zku z art. 29 ust. 2 pkt 2 ustawy z dnia 14 grudnia 2016 r. Prawo o\u015bwiatowe (Dz.U. z 2017 r. poz.59); w zwi\u0105zku z art. 1 ust. 1 pkt 1 i art. 204 ust. 2 ustawy z dnia 14 grudnia 2016 r. Przepisy wprowadzaj\u0105ce ustaw\u0119 &#8211; Prawo o\u015bwiatowe (Dz.U. z 2017 r. poz.60); Uchwa\u0142a nr XIII\/236\/2020 Rady Miasta Sopotu z dnia 30 stycznia 2020r.<\/p>\n<h3 style=\"text-align: center;\">\u00a7 1<\/h3>\n<p>Rada Miasta Sopotu uchwala, co nast\u0119puje:<\/p>\n<ol>\n<li style=\"text-align: left;\">O przyj\u0119ciu dziecka (zwanego te\u017c dalej kandydatem) do najbli\u017cszego, od jego miejsca zamieszkania, przedszkola publicznego prowadzonego przez Miasto Sopot (dalej zwanego przedszkolem) decyduje dyrektor po przeprowadzeniu post\u0119powania rekrutacyjnego.<\/li>\n<li style=\"text-align: left;\">W przypadku uzyskania na pierwszym etapie post\u0119powania rekrutacyjnego r\u00f3wnorz\u0119dnych wynik\u00f3w przez kandydat\u00f3w zamieszka\u0142ych na obszarze gminy lub w przypadku dysponowania przez dane publiczne przedszkole wolnymi miejscami, prowadzi si\u0119 drugi etap post\u0119powania rekrutacyjnego.<\/li>\n<li style=\"text-align: left;\">W procesie rekrutacji nie uczestnicz\u0105 dzieci kontynuuj\u0105ce wychowanie przedszkolne w przedszkolu. Rodzice dzieci przyj\u0119tych do danego przedszkola w poprzednim roku szkolnym sk\u0142adaj\u0105 na kolejny rok deklaracj\u0119 o kontynuowaniu wychowania przedszkolnego w tym przedszkolu, w terminie 7 dni poprzedzaj\u0105cych termin rozpocz\u0119cia post\u0119powania rekrutacyjnego.<\/li>\n<li style=\"text-align: left;\">Post\u0119powanie rekrutacyjne jest prowadzone na wniosek rodzica kandydata (Za\u0142\u0105cznik nr 1). Wype\u0142niony wniosek wraz z obowi\u0105zkowymi za\u0142\u0105cznikami nale\u017cy z\u0142o\u017cy\u0107 w przedszkolu. Wniosek o przyj\u0119cie do przedszkola mo\u017ce by\u0107 z\u0142o\u017cony nie wi\u0119cej ni\u017c do trzech wybranych przedszkoli.<br \/>\n<h3 style=\"text-align: center;\">\u00a7 2<\/h3>\n<\/li>\n<li>W przypadku wi\u0119kszej ilo\u015bci kandydat\u00f3w z obszaru Gminy Sopot, ni\u017c liczba wolnych miejsc w danym przedszkolu na pierwszym etapie post\u0119powania rekrutacyjnego s\u0105 brane pod uwag\u0119 \u0142\u0105cznie nast\u0119puj\u0105ce kryteria maj\u0105ce jednakow\u0105 warto\u015b\u0107:\n<ol>\n<li>wielodzietno\u015b\u0107 rodziny kandydata (rodzina wychowuj\u0105ca troje i wi\u0119cej dzieci);<\/li>\n<li>niepe\u0142nosprawno\u015b\u0107 kandydata;<\/li>\n<li>niepe\u0142nosprawno\u015b\u0107 jednego z rodzic\u00f3w kandydata;<\/li>\n<li>niepe\u0142nosprawno\u015b\u0107 obojga rodzic\u00f3w kandydata;<\/li>\n<li>niepe\u0142nosprawno\u015b\u0107 rodze\u0144stwa kandydata;<\/li>\n<li>samotne wychowywanie kandydata w rodzinie;<\/li>\n<li>obj\u0119cie kandydata piecz\u0105 zast\u0119pcz\u0105.<\/li>\n<\/ol>\n<\/li>\n<li>Na potwierdzenie spe\u0142niania kryteri\u00f3w, o kt\u00f3rych mowa w pkt 6, do wniosku do\u0142\u0105cza si\u0119 odpowiednio:\n<ol>\n<li>o\u015bwiadczenie zamieszkania na obszarze Gminy Sopot;<\/li>\n<li>o\u015bwiadczenie o wielodzietno\u015bci rodziny kandydata;<\/li>\n<li>orzeczenie o potrzebie kszta\u0142cenia specjalnego wydane ze wzgl\u0119du na niepe\u0142nosprawno\u015b\u0107 ,orzeczenie o niepe\u0142nosprawno\u015bci dziecka lub orzeczenie r\u00f3wnowa\u017cne w rozumieniu przepis\u00f3w ustawy z dnia 27 sierpnia 1997 r. o rehabilitacji zawodowej i spo\u0142ecznej oraz zatrudnianiu os\u00f3b niepe\u0142nosprawnych;<\/li>\n<li>prawomocny wyrok s\u0105du rodzinnego orzekaj\u0105cy rozw\u00f3d lub separacj\u0119 lub akt zgonu oraz o\u015bwiadczenie o samotnym wychowywaniu dziecka oraz niewychowywaniu \u017cadnego dziecka wsp\u00f3lnie z jego rodzicem;<\/li>\n<li>dokument po\u015bwiadczaj\u0105cy obj\u0119cie dziecka piecz\u0105 zast\u0119pcz\u0105 zgodnie z ustaw\u0105 z dnia 9 czerwca 2011r. o wspieraniu rodziny i systemie pieczy zast\u0119pczej.<\/li>\n<\/ol>\n<\/li>\n<li>W przypadku r\u00f3wnorz\u0119dnych wynik\u00f3w uzyskanych na pierwszym etapie post\u0119powania rekrutacyjnego lub je\u017celi po zako\u0144czeniu tego etapu przedszkole dysponuje wolnymi miejscami, przeprowadza si\u0119 drugi etap post\u0119powania.<br \/>\n<h3 style=\"text-align: center;\" align=\"center\">\u00a7 3<\/h3>\n<\/li>\n<li>W drugim etapie post\u0119powania rekrutacyjnego, o kt\u00f3rym mowa w pkt 8, brane s\u0105 pod uwag\u0119 nast\u0119puj\u0105ce kryteria o przyporz\u0105dkowanej warto\u015bci punktowej:\n<ol>\n<li>kandydaci, kt\u00f3rych rodze\u0144stwo jest ju\u017c przyj\u0119te do danego przedszkola &#8211; <b>10 pkt<\/b>;<\/li>\n<li>kandydaci, kt\u00f3rych oboje rodzice b\u0105d\u017a prawni opiekunowie zatrudnieni s\u0105 w oparciu o umow\u0119 o prac\u0119, umow\u0119 cywilno-prawn\u0105 lub prowadz\u0105 dzia\u0142alno\u015b\u0107 gospodarcz\u0105 &#8211; <b>10 pkt<\/b>;<\/li>\n<li>kandydaci, kt\u00f3rych rodzice b\u0105d\u017a opiekunowie prawni albo rodzic b\u0105d\u017a opiekun prawny rozliczaj\u0105\/-a podatek dochodowy od dochod\u00f3w osobistych (PIT) w Urz\u0119dzie Skarbowym w Sopocie &#8211; <strong>10<\/strong><b>\u00a0pkt<\/b>;<\/li>\n<li>odleg\u0142o\u015b\u0107 od miejsca zamieszkania kandydata do publicznego przedszkola, do kt\u00f3rego sk\u0142adany jest wniosek, nie przekracza 3 km &#8211; <b> 7 pkt<\/b>;<\/li>\n<li>dziecko posiadaj\u0105ce na dzie\u0144 rekrutacji obowi\u0105zkowe szczepienia ochronne okre\u015blone w Programie Szczepie\u0144 Ochronnych lub dziecko, u kt\u00f3rego lekarskie badanie kwalifikacyjne daje podstawy do d\u0142ugotrwa\u0142ego odroczenia obowi\u0105zkowego szczepienia ochronnego &#8211; <b>6 pkt<\/b>;<\/li>\n<li>kandydaci, kt\u00f3rych rodzice b\u0105d\u017a prawni opiekunowie s\u0105 uczestnikami stacjonarnych studi\u00f3w wy\u017cszych lub doktoranckich &#8211; <b>5 pkt<\/b>.<\/li>\n<\/ol>\n<\/li>\n<li>Potwierdzeniem spe\u0142nienia kryteri\u00f3w, o kt\u00f3rych mowa w pkt 9, jest odpowiednio:\n<ol>\n<li>potwierdzenie dyrektora o ucz\u0119szczaniu rodze\u0144stwa do danego przedszkola;<\/li>\n<li>o\u015bwiadczenie o zatrudnieniu na podstawie umow\u0119 o prac\u0119 lub o wykonywaniu pracy w ramach umowy cywilno-prawnej, lub o prowadzeniu dzia\u0142alno\u015bci gospodarczej z uwzgl\u0119dnieniem nr NIP i REGON;<\/li>\n<li>o\u015bwiadczenie o z\u0142o\u017ceniu w Urz\u0119dzie Skarbowym w Sopocie zeznania podatkowego od dochod\u00f3w osobistych za rok ubieg\u0142y;<\/li>\n<li>o\u015bwiadczenie o zamieszkiwaniu kandydata w odleg\u0142o\u015bci nie przekraczaj\u0105cej 3 km od publicznego przedszkola, do kt\u00f3rego sk\u0142adany jest wniosek;<\/li>\n<li>o\u015bwiadczenie o posiadaniu obowi\u0105zkowych szczepie\u0144 ochronnych lub o\u015bwiadczenie o ich d\u0142ugotrwa\u0142ym odroczeniu ze wzgl\u0119d\u00f3w medycznych. Komisja rekrutacyjna posiada mo\u017cliwo\u015b\u0107 weryfikacji faktu odbycia szczepie\u0144 poprzez wgl\u0105d w kopie karty uodpornienia lub w ksi\u0105\u017ceczk\u0119 zdrowia.<\/li>\n<li>o\u015bwiadczenie o odbywaniu stacjonarnych studi\u00f3w wy\u017cszych lub doktoranckich.<br \/>\n<h3 style=\"text-align: center;\" align=\"center\">\u00a7 4<\/h3>\n<\/li>\n<\/ol>\n<\/li>\n<li>Do publicznego \u00a0przedszkola prowadzonego przez miasto Sopot mog\u0105 by\u0107 przyj\u0119ci kandydaci zamieszkali poza obszarem gminy, je\u017celi po przeprowadzeniu post\u0119powania rekrutacyjnego, o kt\u00f3rym mowa w \u00a7 2, przedszkole dysponuje nadal wolnymi miejscami.<\/li>\n<li>W przypadku wi\u0119kszej liczby kandydat\u00f3w zamieszka\u0142ych poza obszarem gminy ubiegaj\u0105cych si\u0119 o przyj\u0119cie do przedszkola brane s\u0105 pod uwag\u0119 kryteria o przyporz\u0105dkowanej warto\u015bci punktowej \u00a7 2 i \u00a7 3.<\/li>\n<li>Zasady i kryteria okre\u015blone w \u00a7 2 i \u00a7 3 stosuje si\u0119 odpowiednio w post\u0119powaniu rekrutacyjnym do oddzia\u0142u integracyjnego w przedszkolu og\u00f3lnodost\u0119pnym, w przypadku dzieci nieposiadaj\u0105cych orzeczenia o potrzebie kszta\u0142cenia specjalnego wydanego ze wzgl\u0119du na ich niepe\u0142nosprawno\u015b\u0107.<br \/>\n<h3 style=\"text-align: center;\" align=\"center\">\u00a7 5<\/h3>\n<\/li>\n<li>Rekrutacja do publicznych przedszkoli w Sopocie na rok szkolny <strong>2026\/27 <\/strong>odb\u0119dzie si\u0119 <b>w terminie od 2 marca 2026r. do 31 marca 2026 r., godz.15.00<\/b><\/li>\n<li>Decyzj\u0119 o przyj\u0119ciu dziecka do Przedszkola podejmuje Komisja Rekrutacyjna, powo\u0142ana przez Dyrektora Przedszkola odr\u0119bnym zarz\u0105dzeniem.<\/li>\n<li>Komisja Rekrutacyjna przeprowadza post\u0119powanie rekrutacyjne.<\/li>\n<li>Komisja Rekrutacyjna podaje do publicznej \u00a0wiadomo\u015bci listy kandydat\u00f3w zakwalifikowanych i kandydat\u00f3w niezakwalifikowanych\u00a0 <strong>10 kwietnia 2026r. godz. 12.00<\/strong><\/li>\n<li>\u00a0Listy dzieci zakwalifikowanych i niezakwalifikowanych, obejmuj\u0105ce imiona i nazwiska dzieci, podpisy cz\u0142onk\u00f3w komisji i opatrzone dat\u0105, s\u0105 publikowane poprzez wywieszenie w przedszkolu.<\/li>\n<li>Podanie do publicznej wiadomo\u015bci listy kandydat\u00f3w przyj\u0119tych i kandydat\u00f3w nieprzyj\u0119tych:\u00a0\u00a0<strong>23 kwietnia 2026r. godz. 12.00<\/strong><\/li>\n<li>Rodzice\/prawni opiekunowie dzieci, kt\u00f3re nie zosta\u0142y przyj\u0119te mog\u0105 wnioskowa\u0107 do Komisji Rekrutacyjnej o sporz\u0105dzenie uzasadnienia odmowy przyj\u0119cia dziecka do przedszkola w terminie 7 dni od dnia podania do publicznej wiadomo\u015bci listy dzieci przyj\u0119tych i nieprzyj\u0119tych.<\/li>\n<li>Komisja Rekrutacyjna sporz\u0105dza uzasadnienie w terminie 5 dni od dnia wyst\u0105pienia rodzica kandydata.<\/li>\n<li>Rodzice\/prawni opiekunowie dzieci mog\u0105 wnie\u015b\u0107 do dyrektora przedszkola odwo\u0142anie od rozstrzygni\u0119cia Komisji Rekrutacyjnej w terminie 7 dni od dnia otrzymania uzasadnienia wydanego przez Komisj\u0119 Rekrutacyjn\u0105.<\/li>\n<li>Dyrektor rozpatruje odwo\u0142anie od rozstrzygni\u0119cia Komisji Rekrutacyjnej w terminie 7 dni od dnia otrzymania odwo\u0142ania. Na rozstrzygni\u0119cie dyrektora przedszkola s\u0142u\u017cy skarga do s\u0105du administracyjnego.<\/li>\n<\/ol>\n<p>&nbsp;<\/p>\n<p><a href=\"http:\/\/przedszkole12.sopot.pl\/wp-content\/uploads\/2026\/01\/Zarzadzenie-790_2025.pdf\">Zarz\u0105dzenie 790_2025<\/a><\/p>\n","protected":false},"excerpt":{"rendered":"<p>ZASADY PRZYJMOWANIA DZIECI DO PRZEDSZKOLI PUBLICZNYCH PROWADZONYCH PRZEZ MIASTO SOPOT NA ROK SZKOLNY 2026\/2027 Zasady przyj\u0119cia dzieci do Przedszkola na rok szkolny 2026\/2027 Na podstawie art. 18 ust. 2 pkt 15 i art. 40 ust. 1 ustawy z dnia 8 marca 1990 r. o samorz\u0105dzie gminnym (tj. Dz. U. z 2016 r. poz. 446 ); art.131 ust 4,6-8, art. 154 ust. 1 pkt 1 w zwi\u0105zku z art. 29 ust. 2 pkt 2 ustawy z dnia 14 grudnia 2016 r. Prawo o\u015bwiatowe (Dz.U. z 2017 r. poz.59); w zwi\u0105zku z [&hellip;]<\/p>\n","protected":false},"author":3,"featured_media":0,"parent":0,"menu_order":0,"comment_status":"closed","ping_status":"closed","template":"","meta":[],"_links":{"self":[{"href":"https:\/\/przedszkole12.sopot.pl\/index.php?rest_route=\/wp\/v2\/pages\/476"}],"collection":[{"href":"https:\/\/przedszkole12.sopot.pl\/index.php?rest_route=\/wp\/v2\/pages"}],"about":[{"href":"https:\/\/przedszkole12.sopot.pl\/index.php?rest_route=\/wp\/v2\/types\/page"}],"author":[{"embeddable":true,"href":"https:\/\/przedszkole12.sopot.pl\/index.php?rest_route=\/wp\/v2\/users\/3"}],"replies":[{"embeddable":true,"href":"https:\/\/przedszkole12.sopot.pl\/index.php?rest_route=%2Fwp%2Fv2%2Fcomments&post=476"}],"version-history":[{"count":44,"href":"https:\/\/przedszkole12.sopot.pl\/index.php?rest_route=\/wp\/v2\/pages\/476\/revisions"}],"predecessor-version":[{"id":38431,"href":"https:\/\/przedszkole12.sopot.pl\/index.php?rest_route=\/wp\/v2\/pages\/476\/revisions\/38431"}],"wp:attachment":[{"href":"https:\/\/przedszkole12.sopot.pl\/index.php?rest_route=%2Fwp%2Fv2%2Fmedia&parent=476"}],"curies":[{"name":"wp","href":"https:\/\/api.w.org\/{rel}","templated":true}]}}