{"id":466,"date":"2015-08-27T08:14:22","date_gmt":"2015-08-27T08:14:22","guid":{"rendered":"http:\/\/przedszkole12.sopot.pl\/?page_id=466"},"modified":"2024-09-03T12:27:37","modified_gmt":"2024-09-03T12:27:37","slug":"programy-nauczania","status":"publish","type":"page","link":"https:\/\/przedszkole12.sopot.pl\/?page_id=466","title":{"rendered":"Programy nauczania"},"content":{"rendered":"<p>&nbsp;<\/p>\n<p style=\"text-align: center;\"><strong>Zestaw program\u00f3w wychowania przedszkolnego\u00a0<\/strong><\/p>\n<p style=\"text-align: center;\"><strong>Przedszkola z Oddzia\u0142ami Integracyjnymi nr 12 w Sopocie\u00a0<\/strong><\/p>\n<p style=\"text-align: center;\"><strong>zatwierdzonych do realizacji w roku szkolnym 2024\/2025<\/strong><\/p>\n<p>&nbsp;<\/p>\n<p><strong>Programy wychowania przedszkolnego zgodne z Podstaw\u0105 programow\u0105 obowi\u0105zuj\u0105c\u0105 <\/strong><\/p>\n<p><strong>od 1 wrze\u015bnia 2017r. (Dz. U. z dn. 14 lutego 2017rr. Poz. 356):<\/strong><\/p>\n<ul>\n<li>\u201eDru\u017cyna marze\u0144\u201d Jolanta Wasilewska<\/li>\n<\/ul>\n<p>&nbsp;<\/p>\n<p><strong>Dodatkowe programy wychowania przedszkolnego:<\/strong><\/p>\n<ul>\n<li>\u00a0\u201eTaniec i muzyka \u2013 kluczem do integracji w grupie r\u00f3wie\u015bniczej\u201d \u2013 Izabela Kukawka<\/li>\n<li>\u201eAktywni dla \u017cycia- zdrowy i bezpieczny przedszkolak\u201d- Katarzyna Borowska<\/li>\n<li>Sportowe ZOO- Tomasz Fro\u0142owicz, Bogumi\u0142a Przysi\u0119\u017cna<\/li>\n<li>Mam zr\u0119czne r\u0119ce, potrafi\u0119 wi\u0119cej- Iwona Kierzek<\/li>\n<li>Zapobieganie nadwadze i oty\u0142o\u015bci oraz chorobom przewlek\u0142ym poprzez edukacj\u0119 spo\u0142ecze\u0144stwa w zakresie \u017cywienia i aktywno\u015bci fizycznej<\/li>\n<\/ul>\n<p>&nbsp;<\/p>\n<p>&nbsp;<\/p>\n<p><em>Wprowadzony zarz\u0105dzeniem nr 3\/2024 z dn. 28 sierpnia 2024r.<\/em><\/p>\n","protected":false},"excerpt":{"rendered":"<p>&nbsp; Zestaw program\u00f3w wychowania przedszkolnego\u00a0 Przedszkola z Oddzia\u0142ami Integracyjnymi nr 12 w Sopocie\u00a0 zatwierdzonych do realizacji w roku szkolnym 2024\/2025 &nbsp; Programy wychowania przedszkolnego zgodne z Podstaw\u0105 programow\u0105 obowi\u0105zuj\u0105c\u0105 od 1 wrze\u015bnia 2017r. (Dz. U. z dn. 14 lutego 2017rr. Poz. 356): \u201eDru\u017cyna marze\u0144\u201d Jolanta Wasilewska &nbsp; Dodatkowe programy wychowania przedszkolnego: \u00a0\u201eTaniec i muzyka \u2013 kluczem do integracji w grupie r\u00f3wie\u015bniczej\u201d \u2013 Izabela Kukawka \u201eAktywni dla \u017cycia- zdrowy i bezpieczny przedszkolak\u201d- Katarzyna Borowska Sportowe ZOO- Tomasz Fro\u0142owicz, Bogumi\u0142a Przysi\u0119\u017cna Mam zr\u0119czne r\u0119ce, potrafi\u0119 wi\u0119cej- Iwona Kierzek Zapobieganie nadwadze i oty\u0142o\u015bci [&hellip;]<\/p>\n","protected":false},"author":3,"featured_media":0,"parent":0,"menu_order":0,"comment_status":"closed","ping_status":"closed","template":"","meta":[],"_links":{"self":[{"href":"https:\/\/przedszkole12.sopot.pl\/index.php?rest_route=\/wp\/v2\/pages\/466"}],"collection":[{"href":"https:\/\/przedszkole12.sopot.pl\/index.php?rest_route=\/wp\/v2\/pages"}],"about":[{"href":"https:\/\/przedszkole12.sopot.pl\/index.php?rest_route=\/wp\/v2\/types\/page"}],"author":[{"embeddable":true,"href":"https:\/\/przedszkole12.sopot.pl\/index.php?rest_route=\/wp\/v2\/users\/3"}],"replies":[{"embeddable":true,"href":"https:\/\/przedszkole12.sopot.pl\/index.php?rest_route=%2Fwp%2Fv2%2Fcomments&post=466"}],"version-history":[{"count":20,"href":"https:\/\/przedszkole12.sopot.pl\/index.php?rest_route=\/wp\/v2\/pages\/466\/revisions"}],"predecessor-version":[{"id":38020,"href":"https:\/\/przedszkole12.sopot.pl\/index.php?rest_route=\/wp\/v2\/pages\/466\/revisions\/38020"}],"wp:attachment":[{"href":"https:\/\/przedszkole12.sopot.pl\/index.php?rest_route=%2Fwp%2Fv2%2Fmedia&parent=466"}],"curies":[{"name":"wp","href":"https:\/\/api.w.org\/{rel}","templated":true}]}}