{"id":464,"date":"2015-08-27T08:12:37","date_gmt":"2015-08-27T08:12:37","guid":{"rendered":"http:\/\/przedszkole12.sopot.pl\/?page_id=464"},"modified":"2015-08-27T08:12:37","modified_gmt":"2015-08-27T08:12:37","slug":"wizja-przedszkola","status":"publish","type":"page","link":"https:\/\/przedszkole12.sopot.pl\/?page_id=464","title":{"rendered":"Wizja przedszkola"},"content":{"rendered":"<p>W naszym przedszkolu wszystkie dzieci w\u0142\u0105czane b\u0119d\u0105 w \u017cycie grupy r\u00f3wie\u015bniczej na zasadzie r\u00f3wno\u015bci praw i obowi\u0105zk\u00f3w.<\/p>\n<p>W procesie wychowania i nauczania uwzgl\u0119dnione zostan\u0105 indywidualne potrzeby i predyspozycje zar\u00f3wno dzieci zdrowych jak i niepe\u0142nosprawnych zgodnie z wymogami wsp\u00f3\u0142czesnego \u015bwiata.<\/p>\n<p>Dla wszystkich podopiecznych zostan\u0105 zorganizowane identyczne sytuacje wychowawcze.<br \/>\nDzieci b\u0119d\u0105 mia\u0142y okazj\u0119 nauczenia si\u0119 tolerancji, empatii i dojrza\u0142o\u015bci spo\u0142ecznej.<\/p>\n<p>Normy post\u0119powania jak, warto\u015b\u0107-dobro, prawda, uczciwo\u015b\u0107, prawo\u015b\u0107 i odpowiedzialno\u015b\u0107 b\u0119d\u0105 zasadami i warto\u015bciami przestrzeganymi nie ze wzgl\u0119du na doros\u0142ych, ale dla nich samych.<\/p>\n<p>Rodzicom naszych wychowank\u00f3w zapewnimy wsparcie w wype\u0142nianiu ich roli wychowawczej.<\/p>\n<p>B\u0119d\u0105 otrzymywali systematyczne oraz szczeg\u00f3\u0142owe informacje o sukcesach i problemach swoich dzieci, a nauczyciele b\u0119d\u0105 uwzgl\u0119dnia\u0107 ich sugestie i pro\u015bby.<\/p>\n<p>Rozw\u00f3j przedszkola przebiega\u0107 b\u0119dzie systematycznie i harmonijnie. B\u0119dzie efektem pracy ca\u0142ego zespo\u0142u.<\/p>\n<h3>Cel g\u0142\u00f3wny:<\/h3>\n<ul>\n<li>Przedszkole jest integralnym elementem \u015brodowiska, w kt\u00f3rym dzia\u0142a.<\/li>\n<li>Cele szczeg\u00f3\u0142owe:<\/li>\n<li>Popularyzowanie prostych i atrakcyjnych metod pracy, daj\u0105cej dzieciom rado\u015b\u0107 tworzenia i efektywno\u015b\u0107 dzia\u0142a\u0144 tw\u00f3rczych,<\/li>\n<li>Piel\u0119gnowanie u dzieci postawy zorientowanej na przestrzeganiu podstawowych warto\u015bci oraz regu\u0142 obowi\u0105zuj\u0105cych w przedszkolu i poza nim,<\/li>\n<li>Stwarzanie atmosfery sprzyjaj\u0105cej doskonaleniu sp\u00f3jnych oddzia\u0142ywa\u0144 wychowawczych domu rodzinnego i przedszkola,<\/li>\n<li>Anga\u017cowanie rodzic\u00f3w do realizacji zada\u0144 okre\u015blonych w koncepcji,<\/li>\n<li>Promowanie dzia\u0142a\u0144 przedszkola w \u015brodowisku lokalnym.<\/li>\n<\/ul>\n<h3>Misja przedszkola:<\/h3>\n<p>Realizacja zada\u0144 zwi\u0105zanych z wszechstronnym rozwojem dziecka w poszanowaniu jego godno\u015bci oraz przygotowanie go do dalszego kszta\u0142cenia.<\/p>\n<p>Wspomaganie rozwoju i edukacji dzieci w warunkach bezpiecznych, przyjaznych i dostosowanych do ich potrzeb rozwojowych.<\/p>\n","protected":false},"excerpt":{"rendered":"<p>W naszym przedszkolu wszystkie dzieci w\u0142\u0105czane b\u0119d\u0105 w \u017cycie grupy r\u00f3wie\u015bniczej na zasadzie r\u00f3wno\u015bci praw i obowi\u0105zk\u00f3w. W procesie wychowania i nauczania uwzgl\u0119dnione zostan\u0105 indywidualne potrzeby i predyspozycje zar\u00f3wno dzieci zdrowych jak i niepe\u0142nosprawnych zgodnie z wymogami wsp\u00f3\u0142czesnego \u015bwiata. Dla wszystkich podopiecznych zostan\u0105 zorganizowane identyczne sytuacje wychowawcze. Dzieci b\u0119d\u0105 mia\u0142y okazj\u0119 nauczenia si\u0119 tolerancji, empatii i dojrza\u0142o\u015bci spo\u0142ecznej. Normy post\u0119powania jak, warto\u015b\u0107-dobro, prawda, uczciwo\u015b\u0107, prawo\u015b\u0107 i odpowiedzialno\u015b\u0107 b\u0119d\u0105 zasadami i warto\u015bciami przestrzeganymi nie ze wzgl\u0119du na doros\u0142ych, ale dla nich samych. Rodzicom naszych wychowank\u00f3w zapewnimy wsparcie w wype\u0142nianiu ich roli [&hellip;]<\/p>\n","protected":false},"author":3,"featured_media":0,"parent":0,"menu_order":0,"comment_status":"closed","ping_status":"closed","template":"","meta":[],"_links":{"self":[{"href":"https:\/\/przedszkole12.sopot.pl\/index.php?rest_route=\/wp\/v2\/pages\/464"}],"collection":[{"href":"https:\/\/przedszkole12.sopot.pl\/index.php?rest_route=\/wp\/v2\/pages"}],"about":[{"href":"https:\/\/przedszkole12.sopot.pl\/index.php?rest_route=\/wp\/v2\/types\/page"}],"author":[{"embeddable":true,"href":"https:\/\/przedszkole12.sopot.pl\/index.php?rest_route=\/wp\/v2\/users\/3"}],"replies":[{"embeddable":true,"href":"https:\/\/przedszkole12.sopot.pl\/index.php?rest_route=%2Fwp%2Fv2%2Fcomments&post=464"}],"version-history":[{"count":1,"href":"https:\/\/przedszkole12.sopot.pl\/index.php?rest_route=\/wp\/v2\/pages\/464\/revisions"}],"predecessor-version":[{"id":465,"href":"https:\/\/przedszkole12.sopot.pl\/index.php?rest_route=\/wp\/v2\/pages\/464\/revisions\/465"}],"wp:attachment":[{"href":"https:\/\/przedszkole12.sopot.pl\/index.php?rest_route=%2Fwp%2Fv2%2Fmedia&parent=464"}],"curies":[{"name":"wp","href":"https:\/\/api.w.org\/{rel}","templated":true}]}}