{"id":34334,"date":"2023-09-03T12:05:21","date_gmt":"2023-09-03T12:05:21","guid":{"rendered":"http:\/\/przedszkole12.sopot.pl\/?page_id=34334"},"modified":"2023-09-03T12:13:25","modified_gmt":"2023-09-03T12:13:25","slug":"projekty-ue","status":"publish","type":"page","link":"https:\/\/przedszkole12.sopot.pl\/?page_id=34334","title":{"rendered":"Projekty UE"},"content":{"rendered":"<div class=\"wp-block-image\"><img loading=\"lazy\" class=\"alignnone size-full wp-image-34335\" src=\"http:\/\/przedszkole12.sopot.pl\/wp-content\/uploads\/2023\/09\/loga_ue1.png\" alt=\"\" width=\"1889\" height=\"179\" srcset=\"https:\/\/przedszkole12.sopot.pl\/wp-content\/uploads\/2023\/09\/loga_ue1.png 1889w, https:\/\/przedszkole12.sopot.pl\/wp-content\/uploads\/2023\/09\/loga_ue1-380x36.png 380w, https:\/\/przedszkole12.sopot.pl\/wp-content\/uploads\/2023\/09\/loga_ue1-1024x97.png 1024w, https:\/\/przedszkole12.sopot.pl\/wp-content\/uploads\/2023\/09\/loga_ue1-768x73.png 768w, https:\/\/przedszkole12.sopot.pl\/wp-content\/uploads\/2023\/09\/loga_ue1-1536x146.png 1536w\" sizes=\"(max-width: 1889px) 100vw, 1889px\" \/><\/div>\n<p><strong>Projekt \u201eKompleksowa modernizacja energetyczna budynk\u00f3w u\u017cyteczno\u015bci publicznej w Sopocie\u201d<\/strong><\/p>\n<p>Budynek Przedszkola z Oddzia\u0142ami Integracyjnymi Nr 12 w Sopocie zosta\u0142 obj\u0119ty projektem \u201eKompleksowej modernizacji energetycznej budynk\u00f3w u\u017cyteczno\u015bci publicznej w Sopocie\u201d, kt\u00f3ry jest realizowany przez Gmin\u0119 Miasta Sopotu i dofinansowany z Funduszy Europejskich.<\/p>\n<p><strong>Cel g\u0142\u00f3wny projektu:<\/strong><br \/>\nCelem projektu jest poprawa efektywno\u015bci energetycznej budynk\u00f3w u\u017cyteczno\u015bci publicznej w Sopocie poprzez kompleksowe wykorzystanie potencja\u0142u oszcz\u0119dno\u015bci jakie posiadaj\u0105 miejskie plac\u00f3wki o\u015bwiatowe i wychowawczo opieku\u0144cze. Szacuje si\u0119, \u017ce w wyniku przeprowadzonych dzia\u0142a\u0144 zmniejszeniu ulegnie zu\u017cycie energii pierwotnej w 25 budynkach o 3 507 457,70 kWh\/rocznie oraz nast\u0105pi spadek emisji gaz\u00f3w cieplarnianych o 879,17 ton CO2\/rocznie.<\/p>\n<p><strong>Zakres rzeczowy projektu:<\/strong><br \/>\nPrzedsi\u0119wzi\u0119ciem obj\u0119to 25 budynk\u00f3w o\u015bwiatowych i opieku\u0144czo-wychowawczych na terenie Sopotu. We wszystkich budynkach wdro\u017cono System Zarz\u0105dzania Energi\u0105 oraz wymieniono o\u015bwietlenie wewn\u0119trzne na energooszcz\u0119dne, zamontowano Odnawialne \u0179r\u00f3d\u0142a Energii &#8211; w 16 budynkach ogniwa fotowoltaiczne oraz w 2 budynkach instalacje solarne, w 11 budynkach przeprowadzono g\u0142\u0119bok\u0105 termomodernizacj\u0119. Prace budowlane trwa\u0142y dwa lata do czerwca 2018 do sierpnia 2020.<\/p>\n<p><strong>Dofinansowanie z Funduszy Europejskich:<\/strong><br \/>\nProjekt zosta\u0142 dofinansowany w ramach Regionalnego Programu Operacyjnego Wojew\u00f3dztwa Pomorskiego na lata 2014-2020, Osi Priorytetowej 10 Energia, Dzia\u0142ania10.1 Efektywno\u015b\u0107 energetyczna \u2013 mechanizm ZIT, Poddzia\u0142ania 10.1.1. Efektywno\u015b\u0107 energetyczna \u2013 mechanizm ZIT \u2013 wsparcie dotacyjne wsp\u00f3\u0142finansowanego z Europejskiego Funduszu Rozwoju Regionalnego.<br \/>\nDofinansowanie z EFRR\u00a0\u00a0\u00a0\u00a0\u00a0\u00a0\u00a0\u00a0\u00a0\u00a0\u00a0\u00a0\u00a0\u00a0\u00a0\u00a0 \u00a0 11 698 712,70 z\u0142<br \/>\nKoszty kwalifikowalne\u00a0\u00a0\u00a0\u00a0\u00a0\u00a0\u00a0\u00a0\u00a0\u00a0\u00a0\u00a0\u00a0\u00a0\u00a0\u00a0\u00a0\u00a0\u00a0\u00a0\u00a0 15 305 362,33 z\u0142<br \/>\nKoszty ca\u0142kowite przedsi\u0119wzi\u0119cia\u00a0\u00a0 28 613 100,88 z\u0142<\/p>\n","protected":false},"excerpt":{"rendered":"<p>Projekt \u201eKompleksowa modernizacja energetyczna budynk\u00f3w u\u017cyteczno\u015bci publicznej w Sopocie\u201d Budynek Przedszkola z Oddzia\u0142ami Integracyjnymi Nr 12 w Sopocie zosta\u0142 obj\u0119ty projektem \u201eKompleksowej modernizacji energetycznej budynk\u00f3w u\u017cyteczno\u015bci publicznej w Sopocie\u201d, kt\u00f3ry jest realizowany przez Gmin\u0119 Miasta Sopotu i dofinansowany z Funduszy Europejskich. Cel g\u0142\u00f3wny projektu: Celem projektu jest poprawa efektywno\u015bci energetycznej budynk\u00f3w u\u017cyteczno\u015bci publicznej w Sopocie poprzez kompleksowe wykorzystanie potencja\u0142u oszcz\u0119dno\u015bci jakie posiadaj\u0105 miejskie plac\u00f3wki o\u015bwiatowe i wychowawczo opieku\u0144cze. Szacuje si\u0119, \u017ce w wyniku przeprowadzonych dzia\u0142a\u0144 zmniejszeniu ulegnie zu\u017cycie energii pierwotnej w 25 budynkach o 3 507 457,70 kWh\/rocznie oraz nast\u0105pi [&hellip;]<\/p>\n","protected":false},"author":3,"featured_media":0,"parent":0,"menu_order":0,"comment_status":"closed","ping_status":"closed","template":"","meta":[],"_links":{"self":[{"href":"https:\/\/przedszkole12.sopot.pl\/index.php?rest_route=\/wp\/v2\/pages\/34334"}],"collection":[{"href":"https:\/\/przedszkole12.sopot.pl\/index.php?rest_route=\/wp\/v2\/pages"}],"about":[{"href":"https:\/\/przedszkole12.sopot.pl\/index.php?rest_route=\/wp\/v2\/types\/page"}],"author":[{"embeddable":true,"href":"https:\/\/przedszkole12.sopot.pl\/index.php?rest_route=\/wp\/v2\/users\/3"}],"replies":[{"embeddable":true,"href":"https:\/\/przedszkole12.sopot.pl\/index.php?rest_route=%2Fwp%2Fv2%2Fcomments&post=34334"}],"version-history":[{"count":5,"href":"https:\/\/przedszkole12.sopot.pl\/index.php?rest_route=\/wp\/v2\/pages\/34334\/revisions"}],"predecessor-version":[{"id":34342,"href":"https:\/\/przedszkole12.sopot.pl\/index.php?rest_route=\/wp\/v2\/pages\/34334\/revisions\/34342"}],"wp:attachment":[{"href":"https:\/\/przedszkole12.sopot.pl\/index.php?rest_route=%2Fwp%2Fv2%2Fmedia&parent=34334"}],"curies":[{"name":"wp","href":"https:\/\/api.w.org\/{rel}","templated":true}]}}